{"id":2236,"date":"2023-09-16T11:57:12","date_gmt":"2023-09-16T15:57:12","guid":{"rendered":"https:\/\/seguridadhidricasb.umsa.edu.bo\/?page_id=2236"},"modified":"2023-10-07T18:10:31","modified_gmt":"2023-10-07T22:10:31","slug":"demanda-agricola","status":"publish","type":"page","link":"https:\/\/seguridadhidricasb.umsa.edu.bo\/?page_id=2236","title":{"rendered":"Demanda Agr\u00edcola"},"content":{"rendered":"\t\t<div data-elementor-type=\"wp-page\" data-elementor-id=\"2236\" class=\"elementor elementor-2236\">\n\t\t\t\t\t\t\t\t\t<section class=\"elementor-section elementor-top-section elementor-element elementor-element-7e792ec elementor-section-boxed elementor-section-height-default elementor-section-height-default\" data-id=\"7e792ec\" data-element_type=\"section\">\n\t\t\t\t\t\t<div class=\"elementor-container elementor-column-gap-default\">\n\t\t\t\t\t<div class=\"elementor-column elementor-col-100 elementor-top-column elementor-element elementor-element-5536261\" data-id=\"5536261\" data-element_type=\"column\">\n\t\t\t<div class=\"elementor-widget-wrap elementor-element-populated\">\n\t\t\t\t\t\t\t\t<div class=\"elementor-element elementor-element-0e2bc7f elementor-widget elementor-widget-heading\" data-id=\"0e2bc7f\" data-element_type=\"widget\" data-widget_type=\"heading.default\">\n\t\t\t\t<div class=\"elementor-widget-container\">\n\t\t\t<style>\/*! elementor - v3.13.2 - 11-05-2023 *\/\n.elementor-heading-title{padding:0;margin:0;line-height:1}.elementor-widget-heading .elementor-heading-title[class*=elementor-size-]>a{color:inherit;font-size:inherit;line-height:inherit}.elementor-widget-heading .elementor-heading-title.elementor-size-small{font-size:15px}.elementor-widget-heading .elementor-heading-title.elementor-size-medium{font-size:19px}.elementor-widget-heading .elementor-heading-title.elementor-size-large{font-size:29px}.elementor-widget-heading .elementor-heading-title.elementor-size-xl{font-size:39px}.elementor-widget-heading .elementor-heading-title.elementor-size-xxl{font-size:59px}<\/style><h3 class=\"elementor-heading-title elementor-size-default\">Demanda Agr\u00edcola<\/h3>\t\t<\/div>\n\t\t\t\t<\/div>\n\t\t\t\t\t<\/div>\n\t\t<\/div>\n\t\t\t\t\t\t\t<\/div>\n\t\t<\/section>\n\t\t\t\t<section class=\"elementor-section elementor-top-section elementor-element elementor-element-1599111 elementor-section-boxed elementor-section-height-default elementor-section-height-default\" data-id=\"1599111\" data-element_type=\"section\">\n\t\t\t\t\t\t<div class=\"elementor-container elementor-column-gap-default\">\n\t\t\t\t\t<div class=\"elementor-column elementor-col-50 elementor-top-column elementor-element elementor-element-b4966df\" data-id=\"b4966df\" data-element_type=\"column\">\n\t\t\t<div class=\"elementor-widget-wrap elementor-element-populated\">\n\t\t\t\t\t\t\t\t<div class=\"elementor-element elementor-element-c2147ef elementor-widget elementor-widget-text-editor\" data-id=\"c2147ef\" data-element_type=\"widget\" data-widget_type=\"text-editor.default\">\n\t\t\t\t<div class=\"elementor-widget-container\">\n\t\t\t<style>\/*! elementor - v3.13.2 - 11-05-2023 *\/\n.elementor-widget-text-editor.elementor-drop-cap-view-stacked .elementor-drop-cap{background-color:#69727d;color:#fff}.elementor-widget-text-editor.elementor-drop-cap-view-framed .elementor-drop-cap{color:#69727d;border:3px solid;background-color:transparent}.elementor-widget-text-editor:not(.elementor-drop-cap-view-default) .elementor-drop-cap{margin-top:8px}.elementor-widget-text-editor:not(.elementor-drop-cap-view-default) .elementor-drop-cap-letter{width:1em;height:1em}.elementor-widget-text-editor .elementor-drop-cap{float:left;text-align:center;line-height:1;font-size:50px}.elementor-widget-text-editor .elementor-drop-cap-letter{display:inline-block}<\/style>\t\t\t\t<p>El consumo de agua por el sector agr\u00edcola esta suministrado por el agua de lluvia, algunos pobladores utilizan sistemas de riego de baja escala. Seg\u00fan el PTDI 2021 &#8211; 2025 no existen sistemas de riego.<\/p>\n<p>El consumo de agua de las plantaciones de cultivos&nbsp; se utiliz\u00f3 la metodolog\u00eda de la FAO, las extensiones de los cultivos se obtuv\u00f3 del PTDI del municipio. Para mayor detalles pueden visitar el proyecto sobre la Seguridad H\u00eddrica.<\/p>\t\t\t\t\t\t<\/div>\n\t\t\t\t<\/div>\n\t\t\t\t\t<\/div>\n\t\t<\/div>\n\t\t\t\t<div class=\"elementor-column elementor-col-50 elementor-top-column elementor-element elementor-element-7ebd0ac\" data-id=\"7ebd0ac\" data-element_type=\"column\">\n\t\t\t<div class=\"elementor-widget-wrap elementor-element-populated\">\n\t\t\t\t\t\t\t\t<div class=\"elementor-element elementor-element-66fde2e elementor-widget elementor-widget-image\" data-id=\"66fde2e\" data-element_type=\"widget\" data-widget_type=\"image.default\">\n\t\t\t\t<div class=\"elementor-widget-container\">\n\t\t\t<style>\/*! elementor - v3.13.2 - 11-05-2023 *\/\n.elementor-widget-image{text-align:center}.elementor-widget-image a{display:inline-block}.elementor-widget-image a img[src$=\".svg\"]{width:48px}.elementor-widget-image img{vertical-align:middle;display:inline-block}<\/style>\t\t\t\t\t\t\t\t\t\t\t\t<img decoding=\"async\" width=\"1024\" height=\"578\" src=\"https:\/\/seguridadhidricasb.umsa.edu.bo\/wp-content\/uploads\/2023\/09\/plantaciones-de-cana-de-azucar-1024x578.jpg\" class=\"elementor-animation-grow attachment-large size-large wp-image-2264\" alt=\"\" loading=\"lazy\" srcset=\"https:\/\/seguridadhidricasb.umsa.edu.bo\/wp-content\/uploads\/2023\/09\/plantaciones-de-cana-de-azucar-1024x578.jpg 1024w, https:\/\/seguridadhidricasb.umsa.edu.bo\/wp-content\/uploads\/2023\/09\/plantaciones-de-cana-de-azucar-300x169.jpg 300w, https:\/\/seguridadhidricasb.umsa.edu.bo\/wp-content\/uploads\/2023\/09\/plantaciones-de-cana-de-azucar-768x434.jpg 768w, https:\/\/seguridadhidricasb.umsa.edu.bo\/wp-content\/uploads\/2023\/09\/plantaciones-de-cana-de-azucar-1536x867.jpg 1536w, https:\/\/seguridadhidricasb.umsa.edu.bo\/wp-content\/uploads\/2023\/09\/plantaciones-de-cana-de-azucar-2048x1156.jpg 2048w\" sizes=\"(max-width: 1024px) 100vw, 1024px\" \/>\t\t\t\t\t\t\t\t\t\t\t\t\t\t\t<\/div>\n\t\t\t\t<\/div>\n\t\t\t\t\t<\/div>\n\t\t<\/div>\n\t\t\t\t\t\t\t<\/div>\n\t\t<\/section>\n\t\t\t\t<section class=\"elementor-section elementor-top-section elementor-element elementor-element-a9dea89 elementor-section-boxed elementor-section-height-default elementor-section-height-default\" data-id=\"a9dea89\" data-element_type=\"section\">\n\t\t\t\t\t\t<div class=\"elementor-container elementor-column-gap-default\">\n\t\t\t\t\t<div class=\"elementor-column elementor-col-100 elementor-top-column elementor-element elementor-element-e394888\" data-id=\"e394888\" data-element_type=\"column\">\n\t\t\t<div class=\"elementor-widget-wrap elementor-element-populated\">\n\t\t\t\t\t\t\t\t<div class=\"elementor-element elementor-element-fda15a1 elementor-widget elementor-widget-shortcode\" data-id=\"fda15a1\" data-element_type=\"widget\" data-widget_type=\"shortcode.default\">\n\t\t\t\t<div class=\"elementor-widget-container\">\n\t\t\t\t\t<div class=\"elementor-shortcode\">[visualizer id=\"2246\" lazy=\"no\" class=\"\"]<\/div>\n\t\t\t\t<\/div>\n\t\t\t\t<\/div>\n\t\t\t\t<section class=\"elementor-section elementor-inner-section elementor-element elementor-element-a6ec41a elementor-section-boxed elementor-section-height-default elementor-section-height-default\" data-id=\"a6ec41a\" data-element_type=\"section\">\n\t\t\t\t\t\t<div class=\"elementor-container elementor-column-gap-default\">\n\t\t\t\t\t<div class=\"elementor-column elementor-col-100 elementor-inner-column elementor-element elementor-element-58ba0dd\" data-id=\"58ba0dd\" data-element_type=\"column\">\n\t\t\t<div class=\"elementor-widget-wrap elementor-element-populated\">\n\t\t\t\t\t\t\t\t<div class=\"elementor-element elementor-element-10c4f9d elementor-widget__width-initial elementor-widget elementor-widget-shortcode\" data-id=\"10c4f9d\" data-element_type=\"widget\" data-widget_type=\"shortcode.default\">\n\t\t\t\t<div class=\"elementor-widget-container\">\n\t\t\t\t\t<div class=\"elementor-shortcode\">\n<table id=\"tablepress-7\" class=\"tablepress tablepress-id-7\">\n<thead>\n<tr class=\"row-1 odd\">\n\t<th class=\"column-1\"><strong><center>Producto<\/center><\/strong><\/th><th class=\"column-2\"><strong><center>Hect\u00e1reas<\/center><\/strong><\/th><th class=\"column-3\"><strong><center>Porcentaje<\/center><\/strong><\/th><th class=\"column-4\"><strong><center>Kc m\u00e1ximo<\/center><\/strong><\/th><th class=\"column-5\"><strong><center>ET cultivo [mm]<\/center><\/strong><\/th><th class=\"column-6\"><strong><center>Da [m3\/mes]<\/center><\/strong><\/th>\n<\/tr>\n<\/thead>\n<tbody class=\"row-hover\">\n<tr class=\"row-2 even\">\n\t<td class=\"column-1\"><center>Ca\u00f1a de az\u00facar<\/center><\/td><td class=\"column-2\"><center>1823.43<\/center><\/td><td class=\"column-3\"><center>0.2967<\/center><\/td><td class=\"column-4\"><center>1.05<\/center><\/td><td class=\"column-5\"><center>82.69<\/center><\/td><td class=\"column-6\"><center>139606.36<\/center><\/td>\n<\/tr>\n<tr class=\"row-3 odd\">\n\t<td class=\"column-1\"><center>Pl\u00e1tano<\/center><\/td><td class=\"column-2\"><center>1487.68<\/center><\/td><td class=\"column-3\"><center>0.242<\/center><\/td><td class=\"column-4\"><center>0.95<\/center><\/td><td class=\"column-5\"><center>74.81<\/center><\/td><td class=\"column-6\"><center>103052.83<\/center><\/td>\n<\/tr>\n<tr class=\"row-4 even\">\n\t<td class=\"column-1\"><center>Arr\u00f3z con c\u00e1scara<\/center><\/td><td class=\"column-2\"><center>1486.22<\/center><\/td><td class=\"column-3\"><center>0.2418<\/center><\/td><td class=\"column-4\"><center>1.1<\/center><\/td><td class=\"column-5\"><center>86.63<\/center><\/td><td class=\"column-6\"><center>119207.23<\/center><\/td>\n<\/tr>\n<tr class=\"row-5 odd\">\n\t<td class=\"column-1\"><center>Ma\u00edz en grano<\/center><\/td><td class=\"column-2\"><center>624.83<\/center><\/td><td class=\"column-3\"><center>0.1017<\/center><\/td><td class=\"column-4\"><center>1.1<\/center><\/td><td class=\"column-5\"><center>86.63<\/center><\/td><td class=\"column-6\"><center>50116.57<\/center><\/td>\n<\/tr>\n<tr class=\"row-6 even\">\n\t<td class=\"column-1\"><center>Yuca<\/center><\/td><td class=\"column-2\"><center>295.81<\/center><\/td><td class=\"column-3\"><center>0.0481<\/center><\/td><td class=\"column-4\"><center>0.75<\/center><\/td><td class=\"column-5\"><center>59.06<\/center><\/td><td class=\"column-6\"><center>16177.11<\/center><\/td>\n<\/tr>\n<tr class=\"row-7 odd\">\n\t<td class=\"column-1\"><center>Cacao<\/center><\/td><td class=\"column-2\"><center>193.85<\/center><\/td><td class=\"column-3\"><center>0.0315<\/center><\/td><td class=\"column-4\"><center>0.85<\/center><\/td><td class=\"column-5\"><center>66.94<\/center><\/td><td class=\"column-6\"><center>12014.66<\/center><\/td>\n<\/tr>\n<tr class=\"row-8 even\">\n\t<td class=\"column-1\"><center>Mandarina<\/center><\/td><td class=\"column-2\"><center>53.7<\/center><\/td><td class=\"column-3\"><center>0.0087<\/center><\/td><td class=\"column-4\"><center>1<\/center><\/td><td class=\"column-5\"><center>78.75<\/center><\/td><td class=\"column-6\"><center>3915.63<\/center><\/td>\n<\/tr>\n<tr class=\"row-9 odd\">\n\t<td class=\"column-1\"><center>Palta<\/center><\/td><td class=\"column-2\"><center>49.16<\/center><\/td><td class=\"column-3\"><center>0.008<\/center><\/td><td class=\"column-4\"><center>1<\/center><\/td><td class=\"column-5\"><center>78.75<\/center><\/td><td class=\"column-6\"><center>3584.58<\/center><\/td>\n<\/tr>\n<tr class=\"row-10 even\">\n\t<td class=\"column-1\"><center>S\u00e9samo<\/center><\/td><td class=\"column-2\"><center>37.92<\/center><\/td><td class=\"column-3\"><center>0.0062<\/center><\/td><td class=\"column-4\"><center>1<\/center><\/td><td class=\"column-5\"><center>78.75<\/center><\/td><td class=\"column-6\"><center>2765<\/center><\/td>\n<\/tr>\n<tr class=\"row-11 odd\">\n\t<td class=\"column-1\"><center>Naranja<\/center><\/td><td class=\"column-2\"><center>27.55<\/center><\/td><td class=\"column-3\"><center>0.0045<\/center><\/td><td class=\"column-4\"><center>1<\/center><\/td><td class=\"column-5\"><center>78.75<\/center><\/td><td class=\"column-6\"><center>2008.85<\/center><\/td>\n<\/tr>\n<tr class=\"row-12 even\">\n\t<td class=\"column-1\"><center>Banano<\/center><\/td><td class=\"column-2\"><center>14.3<\/center><\/td><td class=\"column-3\"><center>0.0023<\/center><\/td><td class=\"column-4\"><center>1.15<\/center><\/td><td class=\"column-5\"><center>90.56<\/center><\/td><td class=\"column-6\"><center>1199.11<\/center><\/td>\n<\/tr>\n<tr class=\"row-13 odd\">\n\t<td class=\"column-1\"><center>Pomelo o toronja<\/center><\/td><td class=\"column-2\"><center>13.5<\/center><\/td><td class=\"column-3\"><center>0.0022<\/center><\/td><td class=\"column-4\"><center>1<\/center><\/td><td class=\"column-5\"><center>78.75<\/center><\/td><td class=\"column-6\"><center>984.38<\/center><\/td>\n<\/tr>\n<tr class=\"row-14 even\">\n\t<td class=\"column-1\"><center>Caf\u00e9<\/center><\/td><td class=\"column-2\"><center>12.22<\/center><\/td><td class=\"column-3\"><center>0.002<\/center><\/td><td class=\"column-4\"><center>0.9<\/center><\/td><td class=\"column-5\"><center>70.88<\/center><\/td><td class=\"column-6\"><center>801.94<\/center><\/td>\n<\/tr>\n<tr class=\"row-15 odd\">\n\t<td class=\"column-1\"><center>Achiote<\/center><\/td><td class=\"column-2\"><center>8.79<\/center><\/td><td class=\"column-3\"><center>0.0014<\/center><\/td><td class=\"column-4\"><center>1<\/center><\/td><td class=\"column-5\"><center>78.75<\/center><\/td><td class=\"column-6\"><center>640.94<\/center><\/td>\n<\/tr>\n<tr class=\"row-16 even\">\n\t<td class=\"column-1\"><center>Man\u00ed<\/center><\/td><td class=\"column-2\"><center>7.31<\/center><\/td><td class=\"column-3\"><center>0.0012<\/center><\/td><td class=\"column-4\"><center>1<\/center><\/td><td class=\"column-5\"><center>78.75<\/center><\/td><td class=\"column-6\"><center>533.02<\/center><\/td>\n<\/tr>\n<tr class=\"row-17 odd\">\n\t<td class=\"column-1\"><center>Sand\u00eda<\/center><\/td><td class=\"column-2\"><center>5.36<\/center><\/td><td class=\"column-3\"><center>0.0009<\/center><\/td><td class=\"column-4\"><center>1<\/center><\/td><td class=\"column-5\"><center>78.75<\/center><\/td><td class=\"column-6\"><center>390.83<\/center><\/td>\n<\/tr>\n<tr class=\"row-18 even\">\n\t<td class=\"column-1\"><center>Frijol o poroto<\/center><\/td><td class=\"column-2\"><center>3.93<\/center><\/td><td class=\"column-3\"><center>0.0006<\/center><\/td><td class=\"column-4\"><center>1.1<\/center><\/td><td class=\"column-5\"><center>86.63<\/center><\/td><td class=\"column-6\"><center>315.22<\/center><\/td>\n<\/tr>\n<tr class=\"row-19 odd\">\n\t<td class=\"column-1\"><center>Zapallo<\/center><\/td><td class=\"column-2\"><center>0.73<\/center><\/td><td class=\"column-3\"><center>0.0001<\/center><\/td><td class=\"column-4\"><center>0.82<\/center><\/td><td class=\"column-5\"><center>64.58<\/center><\/td><td class=\"column-6\"><center>43.65<\/center><\/td>\n<\/tr>\n<\/tbody>\n<\/table>\n<!-- #tablepress-7 from cache --><\/div>\n\t\t\t\t<\/div>\n\t\t\t\t<\/div>\n\t\t\t\t\t<\/div>\n\t\t<\/div>\n\t\t\t\t\t\t\t<\/div>\n\t\t<\/section>\n\t\t\t\t\t<\/div>\n\t\t<\/div>\n\t\t\t\t\t\t\t<\/div>\n\t\t<\/section>\n\t\t\t\t\t\t\t<\/div>\n\t\t","protected":false},"excerpt":{"rendered":"<p>Demanda Agr\u00edcola El consumo de agua por el sector agr\u00edcola esta suministrado por el agua de lluvia, algunos pobladores utilizan sistemas de riego de baja escala. Seg\u00fan el PTDI 2021 &#8211; 2025 no existen sistemas de riego. El consumo de agua de las plantaciones de cultivos&nbsp; se utiliz\u00f3 la metodolog\u00eda de la FAO, las extensiones &hellip;<\/p>\n<p class=\"read-more\"> <a class=\"\" href=\"https:\/\/seguridadhidricasb.umsa.edu.bo\/?page_id=2236\"> <span class=\"screen-reader-text\">Demanda Agr\u00edcola<\/span> Leer m\u00e1s &raquo;<\/a><\/p>\n","protected":false},"author":6,"featured_media":0,"parent":1798,"menu_order":0,"comment_status":"closed","ping_status":"closed","template":"","meta":{"site-sidebar-layout":"no-sidebar","site-content-layout":"page-builder","ast-global-header-display":"","ast-banner-title-visibility":"","ast-main-header-display":"","ast-hfb-above-header-display":"","ast-hfb-below-header-display":"","ast-hfb-mobile-header-display":"","site-post-title":"disabled","ast-breadcrumbs-content":"","ast-featured-img":"disabled","footer-sml-layout":"","theme-transparent-header-meta":"","adv-header-id-meta":"","stick-header-meta":"","header-above-stick-meta":"","header-main-stick-meta":"","header-below-stick-meta":""},"_links":{"self":[{"href":"https:\/\/seguridadhidricasb.umsa.edu.bo\/index.php?rest_route=\/wp\/v2\/pages\/2236"}],"collection":[{"href":"https:\/\/seguridadhidricasb.umsa.edu.bo\/index.php?rest_route=\/wp\/v2\/pages"}],"about":[{"href":"https:\/\/seguridadhidricasb.umsa.edu.bo\/index.php?rest_route=\/wp\/v2\/types\/page"}],"author":[{"embeddable":true,"href":"https:\/\/seguridadhidricasb.umsa.edu.bo\/index.php?rest_route=\/wp\/v2\/users\/6"}],"replies":[{"embeddable":true,"href":"https:\/\/seguridadhidricasb.umsa.edu.bo\/index.php?rest_route=%2Fwp%2Fv2%2Fcomments&post=2236"}],"version-history":[{"count":27,"href":"https:\/\/seguridadhidricasb.umsa.edu.bo\/index.php?rest_route=\/wp\/v2\/pages\/2236\/revisions"}],"predecessor-version":[{"id":3356,"href":"https:\/\/seguridadhidricasb.umsa.edu.bo\/index.php?rest_route=\/wp\/v2\/pages\/2236\/revisions\/3356"}],"up":[{"embeddable":true,"href":"https:\/\/seguridadhidricasb.umsa.edu.bo\/index.php?rest_route=\/wp\/v2\/pages\/1798"}],"wp:attachment":[{"href":"https:\/\/seguridadhidricasb.umsa.edu.bo\/index.php?rest_route=%2Fwp%2Fv2%2Fmedia&parent=2236"}],"curies":[{"name":"wp","href":"https:\/\/api.w.org\/{rel}","templated":true}]}}