{"id":1798,"date":"2023-08-27T12:41:42","date_gmt":"2023-08-27T16:41:42","guid":{"rendered":"https:\/\/seguridadhidricasb.umsa.edu.bo\/?page_id=1798"},"modified":"2023-10-08T08:59:48","modified_gmt":"2023-10-08T12:59:48","slug":"demanda-hidrica","status":"publish","type":"page","link":"https:\/\/seguridadhidricasb.umsa.edu.bo\/?page_id=1798","title":{"rendered":"Demanda Hidrica"},"content":{"rendered":"\t\t<div data-elementor-type=\"wp-page\" data-elementor-id=\"1798\" class=\"elementor elementor-1798\">\n\t\t\t\t\t\t\t\t\t<section class=\"elementor-section elementor-top-section elementor-element elementor-element-2857677 elementor-section-boxed elementor-section-height-default elementor-section-height-default\" data-id=\"2857677\" data-element_type=\"section\">\n\t\t\t\t\t\t<div class=\"elementor-container elementor-column-gap-default\">\n\t\t\t\t\t<div class=\"elementor-column elementor-col-100 elementor-top-column elementor-element elementor-element-5efc998\" data-id=\"5efc998\" data-element_type=\"column\">\n\t\t\t<div class=\"elementor-widget-wrap elementor-element-populated\">\n\t\t\t\t\t\t\t\t<div class=\"elementor-element elementor-element-6cea12b elementor-widget elementor-widget-heading\" data-id=\"6cea12b\" data-element_type=\"widget\" data-widget_type=\"heading.default\">\n\t\t\t\t<div class=\"elementor-widget-container\">\n\t\t\t<style>\/*! elementor - v3.13.2 - 11-05-2023 *\/\n.elementor-heading-title{padding:0;margin:0;line-height:1}.elementor-widget-heading .elementor-heading-title[class*=elementor-size-]>a{color:inherit;font-size:inherit;line-height:inherit}.elementor-widget-heading .elementor-heading-title.elementor-size-small{font-size:15px}.elementor-widget-heading .elementor-heading-title.elementor-size-medium{font-size:19px}.elementor-widget-heading .elementor-heading-title.elementor-size-large{font-size:29px}.elementor-widget-heading .elementor-heading-title.elementor-size-xl{font-size:39px}.elementor-widget-heading .elementor-heading-title.elementor-size-xxl{font-size:59px}<\/style><h2 class=\"elementor-heading-title elementor-size-default\">DEMANDA H\u00cdDRICA<\/h2>\t\t<\/div>\n\t\t\t\t<\/div>\n\t\t\t\t\t<\/div>\n\t\t<\/div>\n\t\t\t\t\t\t\t<\/div>\n\t\t<\/section>\n\t\t\t\t<section class=\"elementor-section elementor-top-section elementor-element elementor-element-7a979ce elementor-section-boxed elementor-section-height-default elementor-section-height-default\" data-id=\"7a979ce\" data-element_type=\"section\">\n\t\t\t\t\t\t<div class=\"elementor-container elementor-column-gap-default\">\n\t\t\t\t\t<div class=\"elementor-column elementor-col-100 elementor-top-column elementor-element elementor-element-725aa9b\" data-id=\"725aa9b\" data-element_type=\"column\">\n\t\t\t<div class=\"elementor-widget-wrap elementor-element-populated\">\n\t\t\t\t\t\t\t\t<div class=\"elementor-element elementor-element-0039663 elementor-widget elementor-widget-text-editor\" data-id=\"0039663\" data-element_type=\"widget\" data-widget_type=\"text-editor.default\">\n\t\t\t\t<div class=\"elementor-widget-container\">\n\t\t\t<style>\/*! elementor - v3.13.2 - 11-05-2023 *\/\n.elementor-widget-text-editor.elementor-drop-cap-view-stacked .elementor-drop-cap{background-color:#69727d;color:#fff}.elementor-widget-text-editor.elementor-drop-cap-view-framed .elementor-drop-cap{color:#69727d;border:3px solid;background-color:transparent}.elementor-widget-text-editor:not(.elementor-drop-cap-view-default) .elementor-drop-cap{margin-top:8px}.elementor-widget-text-editor:not(.elementor-drop-cap-view-default) .elementor-drop-cap-letter{width:1em;height:1em}.elementor-widget-text-editor .elementor-drop-cap{float:left;text-align:center;line-height:1;font-size:50px}.elementor-widget-text-editor .elementor-drop-cap-letter{display:inline-block}<\/style>\t\t\t\t<p>La demanda de agua es un dato necesario para establecer un balance del recurso h\u00eddrico, el presente proyecto de Seguridad H\u00eddrica en el municipio de San Buenaventura determin\u00f3 la demanda de agua que existe en dicho municipio evaluando los diferentes sectores que consumen agua.<\/p>\t\t\t\t\t\t<\/div>\n\t\t\t\t<\/div>\n\t\t\t\t<div class=\"elementor-element elementor-element-b3385ca elementor-widget elementor-widget-heading\" data-id=\"b3385ca\" data-element_type=\"widget\" data-widget_type=\"heading.default\">\n\t\t\t\t<div class=\"elementor-widget-container\">\n\t\t\t<h3 class=\"elementor-heading-title elementor-size-default\">Demanda de agua de los diferentes sectores<\/h3>\t\t<\/div>\n\t\t\t\t<\/div>\n\t\t\t\t\t<\/div>\n\t\t<\/div>\n\t\t\t\t\t\t\t<\/div>\n\t\t<\/section>\n\t\t\t\t<section class=\"elementor-section elementor-top-section elementor-element elementor-element-f853dd1 elementor-section-boxed elementor-section-height-default elementor-section-height-default\" data-id=\"f853dd1\" data-element_type=\"section\">\n\t\t\t\t\t\t<div class=\"elementor-container elementor-column-gap-default\">\n\t\t\t\t\t<div class=\"elementor-column elementor-col-50 elementor-top-column elementor-element elementor-element-bbbb4ca\" data-id=\"bbbb4ca\" data-element_type=\"column\">\n\t\t\t<div class=\"elementor-widget-wrap elementor-element-populated\">\n\t\t\t\t\t\t\t\t<div class=\"elementor-element elementor-element-25d098d elementor-widget elementor-widget-spacer\" data-id=\"25d098d\" data-element_type=\"widget\" data-widget_type=\"spacer.default\">\n\t\t\t\t<div class=\"elementor-widget-container\">\n\t\t\t<style>\/*! elementor - v3.13.2 - 11-05-2023 *\/\n.elementor-column .elementor-spacer-inner{height:var(--spacer-size)}.e-con{--container-widget-width:100%}.e-con-inner>.elementor-widget-spacer,.e-con>.elementor-widget-spacer{width:var(--container-widget-width,var(--spacer-size));--align-self:var(--container-widget-align-self,initial);--flex-shrink:0}.e-con-inner>.elementor-widget-spacer>.elementor-widget-container,.e-con-inner>.elementor-widget-spacer>.elementor-widget-container>.elementor-spacer,.e-con>.elementor-widget-spacer>.elementor-widget-container,.e-con>.elementor-widget-spacer>.elementor-widget-container>.elementor-spacer{height:100%}.e-con-inner>.elementor-widget-spacer>.elementor-widget-container>.elementor-spacer>.elementor-spacer-inner,.e-con>.elementor-widget-spacer>.elementor-widget-container>.elementor-spacer>.elementor-spacer-inner{height:var(--container-widget-height,var(--spacer-size))}<\/style>\t\t<div class=\"elementor-spacer\">\n\t\t\t<div class=\"elementor-spacer-inner\"><\/div>\n\t\t<\/div>\n\t\t\t\t<\/div>\n\t\t\t\t<\/div>\n\t\t\t\t<div class=\"elementor-element elementor-element-b61c08d elementor-widget elementor-widget-heading\" data-id=\"b61c08d\" data-element_type=\"widget\" data-widget_type=\"heading.default\">\n\t\t\t\t<div class=\"elementor-widget-container\">\n\t\t\t<h5 class=\"elementor-heading-title elementor-size-default\">Demanda de uso Dom\u00e9stico<\/h5>\t\t<\/div>\n\t\t\t\t<\/div>\n\t\t\t\t<div class=\"elementor-element elementor-element-ec4f5fb elementor-widget elementor-widget-text-editor\" data-id=\"ec4f5fb\" data-element_type=\"widget\" data-widget_type=\"text-editor.default\">\n\t\t\t\t<div class=\"elementor-widget-container\">\n\t\t\t\t\t\t\t<p>Se presentan resultados del consumo dom\u00e9stico de agua perc\u00e1pita de todas las comunidades del municipio de San Buenaventura, evaluando registros de consumo de la empresas de agua y comit\u00e9s de agua de San Buenaventura.<\/p>\t\t\t\t\t\t<\/div>\n\t\t\t\t<\/div>\n\t\t\t\t\t<\/div>\n\t\t<\/div>\n\t\t\t\t<div class=\"elementor-column elementor-col-50 elementor-top-column elementor-element elementor-element-6f8f893\" data-id=\"6f8f893\" data-element_type=\"column\">\n\t\t\t<div class=\"elementor-widget-wrap elementor-element-populated\">\n\t\t\t\t\t\t\t\t<div class=\"elementor-element elementor-element-fbb3ab1 elementor-widget elementor-widget-image\" data-id=\"fbb3ab1\" data-element_type=\"widget\" data-widget_type=\"image.default\">\n\t\t\t\t<div class=\"elementor-widget-container\">\n\t\t\t<style>\/*! elementor - v3.13.2 - 11-05-2023 *\/\n.elementor-widget-image{text-align:center}.elementor-widget-image a{display:inline-block}.elementor-widget-image a img[src$=\".svg\"]{width:48px}.elementor-widget-image img{vertical-align:middle;display:inline-block}<\/style>\t\t\t\t\t\t\t\t\t\t\t\t<img decoding=\"async\" width=\"1024\" height=\"681\" src=\"https:\/\/seguridadhidricasb.umsa.edu.bo\/wp-content\/uploads\/2023\/10\/agua-potable-1024x681.jpg\" class=\"elementor-animation-grow attachment-large size-large wp-image-3586\" alt=\"\" loading=\"lazy\" srcset=\"https:\/\/seguridadhidricasb.umsa.edu.bo\/wp-content\/uploads\/2023\/10\/agua-potable-1024x681.jpg 1024w, https:\/\/seguridadhidricasb.umsa.edu.bo\/wp-content\/uploads\/2023\/10\/agua-potable-300x200.jpg 300w, https:\/\/seguridadhidricasb.umsa.edu.bo\/wp-content\/uploads\/2023\/10\/agua-potable-768x511.jpg 768w, https:\/\/seguridadhidricasb.umsa.edu.bo\/wp-content\/uploads\/2023\/10\/agua-potable.jpg 1203w\" sizes=\"(max-width: 1024px) 100vw, 1024px\" \/>\t\t\t\t\t\t\t\t\t\t\t\t\t\t\t<\/div>\n\t\t\t\t<\/div>\n\t\t\t\t\t<\/div>\n\t\t<\/div>\n\t\t\t\t\t\t\t<\/div>\n\t\t<\/section>\n\t\t\t\t<section class=\"elementor-section elementor-top-section elementor-element elementor-element-e19ca99 elementor-section-boxed elementor-section-height-default elementor-section-height-default\" data-id=\"e19ca99\" data-element_type=\"section\">\n\t\t\t\t\t\t<div class=\"elementor-container elementor-column-gap-default\">\n\t\t\t\t\t<div class=\"elementor-column elementor-col-50 elementor-top-column elementor-element elementor-element-14069d1\" data-id=\"14069d1\" data-element_type=\"column\">\n\t\t\t<div class=\"elementor-widget-wrap elementor-element-populated\">\n\t\t\t\t\t\t\t\t<div class=\"elementor-element elementor-element-4a3d94c elementor-widget elementor-widget-image\" data-id=\"4a3d94c\" data-element_type=\"widget\" data-widget_type=\"image.default\">\n\t\t\t\t<div class=\"elementor-widget-container\">\n\t\t\t\t\t\t\t\t\t\t\t\t\t\t\t<img decoding=\"async\" width=\"1024\" height=\"538\" src=\"https:\/\/seguridadhidricasb.umsa.edu.bo\/wp-content\/uploads\/2023\/10\/Cana-de-azucar-San-Buenaventura-1024x538.jpg\" class=\"elementor-animation-grow attachment-large size-large wp-image-3591\" alt=\"\" loading=\"lazy\" srcset=\"https:\/\/seguridadhidricasb.umsa.edu.bo\/wp-content\/uploads\/2023\/10\/Cana-de-azucar-San-Buenaventura-1024x538.jpg 1024w, https:\/\/seguridadhidricasb.umsa.edu.bo\/wp-content\/uploads\/2023\/10\/Cana-de-azucar-San-Buenaventura-300x158.jpg 300w, https:\/\/seguridadhidricasb.umsa.edu.bo\/wp-content\/uploads\/2023\/10\/Cana-de-azucar-San-Buenaventura-768x403.jpg 768w, https:\/\/seguridadhidricasb.umsa.edu.bo\/wp-content\/uploads\/2023\/10\/Cana-de-azucar-San-Buenaventura.jpg 1200w\" sizes=\"(max-width: 1024px) 100vw, 1024px\" \/>\t\t\t\t\t\t\t\t\t\t\t\t\t\t\t<\/div>\n\t\t\t\t<\/div>\n\t\t\t\t\t<\/div>\n\t\t<\/div>\n\t\t\t\t<div class=\"elementor-column elementor-col-50 elementor-top-column elementor-element elementor-element-fae4074\" data-id=\"fae4074\" data-element_type=\"column\">\n\t\t\t<div class=\"elementor-widget-wrap elementor-element-populated\">\n\t\t\t\t\t\t\t\t<div class=\"elementor-element elementor-element-ebd249b elementor-widget elementor-widget-spacer\" data-id=\"ebd249b\" data-element_type=\"widget\" data-widget_type=\"spacer.default\">\n\t\t\t\t<div class=\"elementor-widget-container\">\n\t\t\t\t\t<div class=\"elementor-spacer\">\n\t\t\t<div class=\"elementor-spacer-inner\"><\/div>\n\t\t<\/div>\n\t\t\t\t<\/div>\n\t\t\t\t<\/div>\n\t\t\t\t<div class=\"elementor-element elementor-element-880a814 elementor-widget elementor-widget-heading\" data-id=\"880a814\" data-element_type=\"widget\" data-widget_type=\"heading.default\">\n\t\t\t\t<div class=\"elementor-widget-container\">\n\t\t\t<h5 class=\"elementor-heading-title elementor-size-default\">Demanda de uso Agr\u00edcola<\/h5>\t\t<\/div>\n\t\t\t\t<\/div>\n\t\t\t\t<div class=\"elementor-element elementor-element-aec232e elementor-widget elementor-widget-text-editor\" data-id=\"aec232e\" data-element_type=\"widget\" data-widget_type=\"text-editor.default\">\n\t\t\t\t<div class=\"elementor-widget-container\">\n\t\t\t\t\t\t\t<p>Se muestran la cantidad de consumo de agua que requieren los cultivos en la regi\u00f3n calculados con la metodologia de la FAO.<\/p>\t\t\t\t\t\t<\/div>\n\t\t\t\t<\/div>\n\t\t\t\t\t<\/div>\n\t\t<\/div>\n\t\t\t\t\t\t\t<\/div>\n\t\t<\/section>\n\t\t\t\t<section class=\"elementor-section elementor-top-section elementor-element elementor-element-ac6c455 elementor-section-boxed elementor-section-height-default elementor-section-height-default\" data-id=\"ac6c455\" data-element_type=\"section\">\n\t\t\t\t\t\t<div class=\"elementor-container elementor-column-gap-default\">\n\t\t\t\t\t<div class=\"elementor-column elementor-col-50 elementor-top-column elementor-element elementor-element-83a12c4\" data-id=\"83a12c4\" data-element_type=\"column\">\n\t\t\t<div class=\"elementor-widget-wrap elementor-element-populated\">\n\t\t\t\t\t\t\t\t<div class=\"elementor-element elementor-element-fb313f6 elementor-widget elementor-widget-spacer\" data-id=\"fb313f6\" data-element_type=\"widget\" data-widget_type=\"spacer.default\">\n\t\t\t\t<div class=\"elementor-widget-container\">\n\t\t\t\t\t<div class=\"elementor-spacer\">\n\t\t\t<div class=\"elementor-spacer-inner\"><\/div>\n\t\t<\/div>\n\t\t\t\t<\/div>\n\t\t\t\t<\/div>\n\t\t\t\t<div class=\"elementor-element elementor-element-7306469 elementor-widget elementor-widget-heading\" data-id=\"7306469\" data-element_type=\"widget\" data-widget_type=\"heading.default\">\n\t\t\t\t<div class=\"elementor-widget-container\">\n\t\t\t<h5 class=\"elementor-heading-title elementor-size-default\">Demanda de uso Pecuario<\/h5>\t\t<\/div>\n\t\t\t\t<\/div>\n\t\t\t\t<div class=\"elementor-element elementor-element-aa661da elementor-widget elementor-widget-text-editor\" data-id=\"aa661da\" data-element_type=\"widget\" data-widget_type=\"text-editor.default\">\n\t\t\t\t<div class=\"elementor-widget-container\">\n\t\t\t\t\t\t\t<p>Se muestran la cantidad de consumo de agua que por la ganaderia en la regi\u00f3n de San Buenaventura, calculados con la metodologia de la FAO.<\/p>\t\t\t\t\t\t<\/div>\n\t\t\t\t<\/div>\n\t\t\t\t\t<\/div>\n\t\t<\/div>\n\t\t\t\t<div class=\"elementor-column elementor-col-50 elementor-top-column elementor-element elementor-element-4142dd2\" data-id=\"4142dd2\" data-element_type=\"column\">\n\t\t\t<div class=\"elementor-widget-wrap elementor-element-populated\">\n\t\t\t\t\t\t\t\t<div class=\"elementor-element elementor-element-2843c43 elementor-widget elementor-widget-image\" data-id=\"2843c43\" data-element_type=\"widget\" data-widget_type=\"image.default\">\n\t\t\t\t<div class=\"elementor-widget-container\">\n\t\t\t\t\t\t\t\t\t\t\t\t\t\t\t<img decoding=\"async\" width=\"941\" height=\"498\" src=\"https:\/\/seguridadhidricasb.umsa.edu.bo\/wp-content\/uploads\/2023\/10\/ganaderia-San-Buenaventura.jpg\" class=\"elementor-animation-grow attachment-large size-large wp-image-3592\" alt=\"\" loading=\"lazy\" srcset=\"https:\/\/seguridadhidricasb.umsa.edu.bo\/wp-content\/uploads\/2023\/10\/ganaderia-San-Buenaventura.jpg 941w, https:\/\/seguridadhidricasb.umsa.edu.bo\/wp-content\/uploads\/2023\/10\/ganaderia-San-Buenaventura-300x159.jpg 300w, https:\/\/seguridadhidricasb.umsa.edu.bo\/wp-content\/uploads\/2023\/10\/ganaderia-San-Buenaventura-768x406.jpg 768w\" sizes=\"(max-width: 941px) 100vw, 941px\" \/>\t\t\t\t\t\t\t\t\t\t\t\t\t\t\t<\/div>\n\t\t\t\t<\/div>\n\t\t\t\t\t<\/div>\n\t\t<\/div>\n\t\t\t\t\t\t\t<\/div>\n\t\t<\/section>\n\t\t\t\t<section class=\"elementor-section elementor-top-section elementor-element elementor-element-9a89668 elementor-section-boxed elementor-section-height-default elementor-section-height-default\" data-id=\"9a89668\" data-element_type=\"section\">\n\t\t\t\t\t\t<div class=\"elementor-container elementor-column-gap-default\">\n\t\t\t\t\t<div class=\"elementor-column elementor-col-50 elementor-top-column elementor-element elementor-element-517eff8\" data-id=\"517eff8\" data-element_type=\"column\">\n\t\t\t<div class=\"elementor-widget-wrap elementor-element-populated\">\n\t\t\t\t\t\t\t\t<div class=\"elementor-element elementor-element-6ef60f4 elementor-widget elementor-widget-image\" data-id=\"6ef60f4\" data-element_type=\"widget\" data-widget_type=\"image.default\">\n\t\t\t\t<div class=\"elementor-widget-container\">\n\t\t\t\t\t\t\t\t\t\t\t\t\t\t\t<img decoding=\"async\" width=\"620\" height=\"300\" src=\"https:\/\/seguridadhidricasb.umsa.edu.bo\/wp-content\/uploads\/2023\/10\/tacanas.jpg\" class=\"elementor-animation-grow attachment-large size-large wp-image-3593\" alt=\"\" loading=\"lazy\" srcset=\"https:\/\/seguridadhidricasb.umsa.edu.bo\/wp-content\/uploads\/2023\/10\/tacanas.jpg 620w, https:\/\/seguridadhidricasb.umsa.edu.bo\/wp-content\/uploads\/2023\/10\/tacanas-300x145.jpg 300w\" sizes=\"(max-width: 620px) 100vw, 620px\" \/>\t\t\t\t\t\t\t\t\t\t\t\t\t\t\t<\/div>\n\t\t\t\t<\/div>\n\t\t\t\t\t<\/div>\n\t\t<\/div>\n\t\t\t\t<div class=\"elementor-column elementor-col-50 elementor-top-column elementor-element elementor-element-a404673\" data-id=\"a404673\" data-element_type=\"column\">\n\t\t\t<div class=\"elementor-widget-wrap elementor-element-populated\">\n\t\t\t\t\t\t\t\t<div class=\"elementor-element elementor-element-48d9b10 elementor-widget elementor-widget-spacer\" data-id=\"48d9b10\" data-element_type=\"widget\" data-widget_type=\"spacer.default\">\n\t\t\t\t<div class=\"elementor-widget-container\">\n\t\t\t\t\t<div class=\"elementor-spacer\">\n\t\t\t<div class=\"elementor-spacer-inner\"><\/div>\n\t\t<\/div>\n\t\t\t\t<\/div>\n\t\t\t\t<\/div>\n\t\t\t\t<div class=\"elementor-element elementor-element-281e718 elementor-widget elementor-widget-heading\" data-id=\"281e718\" data-element_type=\"widget\" data-widget_type=\"heading.default\">\n\t\t\t\t<div class=\"elementor-widget-container\">\n\t\t\t<h5 class=\"elementor-heading-title elementor-size-default\">Demanda de uso por Servicios<\/h5>\t\t<\/div>\n\t\t\t\t<\/div>\n\t\t\t\t<div class=\"elementor-element elementor-element-781c6a3 elementor-widget elementor-widget-text-editor\" data-id=\"781c6a3\" data-element_type=\"widget\" data-widget_type=\"text-editor.default\">\n\t\t\t\t<div class=\"elementor-widget-container\">\n\t\t\t\t\t\t\t<p>Se presentan la demanda de agua aproximada de los diferentes servicios como las insticuiones educativas y militares y asi tambien el sector tur\u00edstico.<\/p>\t\t\t\t\t\t<\/div>\n\t\t\t\t<\/div>\n\t\t\t\t\t<\/div>\n\t\t<\/div>\n\t\t\t\t\t\t\t<\/div>\n\t\t<\/section>\n\t\t\t\t\t\t\t<\/div>\n\t\t","protected":false},"excerpt":{"rendered":"<p>DEMANDA H\u00cdDRICA La demanda de agua es un dato necesario para establecer un balance del recurso h\u00eddrico, el presente proyecto de Seguridad H\u00eddrica en el municipio de San Buenaventura determin\u00f3 la demanda de agua que existe en dicho municipio evaluando los diferentes sectores que consumen agua. Demanda de agua de los diferentes sectores Demanda de &hellip;<\/p>\n<p class=\"read-more\"> <a class=\"\" href=\"https:\/\/seguridadhidricasb.umsa.edu.bo\/?page_id=1798\"> <span class=\"screen-reader-text\">Demanda Hidrica<\/span> Leer m\u00e1s &raquo;<\/a><\/p>\n","protected":false},"author":6,"featured_media":0,"parent":0,"menu_order":0,"comment_status":"closed","ping_status":"closed","template":"","meta":{"site-sidebar-layout":"default","site-content-layout":"default","ast-global-header-display":"","ast-banner-title-visibility":"","ast-main-header-display":"","ast-hfb-above-header-display":"","ast-hfb-below-header-display":"","ast-hfb-mobile-header-display":"","site-post-title":"","ast-breadcrumbs-content":"","ast-featured-img":"","footer-sml-layout":"","theme-transparent-header-meta":"default","adv-header-id-meta":"","stick-header-meta":"","header-above-stick-meta":"","header-main-stick-meta":"","header-below-stick-meta":""},"_links":{"self":[{"href":"https:\/\/seguridadhidricasb.umsa.edu.bo\/index.php?rest_route=\/wp\/v2\/pages\/1798"}],"collection":[{"href":"https:\/\/seguridadhidricasb.umsa.edu.bo\/index.php?rest_route=\/wp\/v2\/pages"}],"about":[{"href":"https:\/\/seguridadhidricasb.umsa.edu.bo\/index.php?rest_route=\/wp\/v2\/types\/page"}],"author":[{"embeddable":true,"href":"https:\/\/seguridadhidricasb.umsa.edu.bo\/index.php?rest_route=\/wp\/v2\/users\/6"}],"replies":[{"embeddable":true,"href":"https:\/\/seguridadhidricasb.umsa.edu.bo\/index.php?rest_route=%2Fwp%2Fv2%2Fcomments&post=1798"}],"version-history":[{"count":37,"href":"https:\/\/seguridadhidricasb.umsa.edu.bo\/index.php?rest_route=\/wp\/v2\/pages\/1798\/revisions"}],"predecessor-version":[{"id":3596,"href":"https:\/\/seguridadhidricasb.umsa.edu.bo\/index.php?rest_route=\/wp\/v2\/pages\/1798\/revisions\/3596"}],"wp:attachment":[{"href":"https:\/\/seguridadhidricasb.umsa.edu.bo\/index.php?rest_route=%2Fwp%2Fv2%2Fmedia&parent=1798"}],"curies":[{"name":"wp","href":"https:\/\/api.w.org\/{rel}","templated":true}]}}